{"id":1975,"date":"2022-06-27T10:24:42","date_gmt":"2022-06-27T08:24:42","guid":{"rendered":"https:\/\/especiasenlleida.com\/?page_id=1975"},"modified":"2022-06-27T11:16:10","modified_gmt":"2022-06-27T09:16:10","slug":"blog","status":"publish","type":"page","link":"https:\/\/especiasenlleida.com\/?page_id=1975","title":{"rendered":"Blog"},"content":{"rendered":"\t\t<div data-elementor-type=\"wp-page\" data-elementor-id=\"1975\" class=\"elementor elementor-1975\">\n\t\t\t\t\t\t<section class=\"elementor-section elementor-top-section elementor-element elementor-element-fbf5884 elementor-section-boxed elementor-section-height-default elementor-section-height-default\" data-id=\"fbf5884\" data-element_type=\"section\" data-e-type=\"section\">\n\t\t\t\t\t\t<div class=\"elementor-container elementor-column-gap-default\">\n\t\t\t\t\t<div class=\"elementor-column elementor-col-100 elementor-top-column elementor-element elementor-element-eb158ea\" data-id=\"eb158ea\" data-element_type=\"column\" data-e-type=\"column\">\n\t\t\t<div class=\"elementor-widget-wrap elementor-element-populated\">\n\t\t\t\t\t\t<div class=\"elementor-element elementor-element-d550138 elementor-widget elementor-widget-ts-blogs\" data-id=\"d550138\" data-element_type=\"widget\" data-e-type=\"widget\" data-widget_type=\"ts-blogs.default\">\n\t\t\t\t<div class=\"elementor-widget-container\">\n\t\t\t\t\t\t\t\t<div class=\"ts-blogs-wrapper ts-shortcode ts-blogs columns-3 style-masonry text-left ts-masonry loading\" data-atts=\"{&quot;layout&quot;:&quot;masonry&quot;,&quot;columns&quot;:3,&quot;categories&quot;:&quot;&quot;,&quot;limit&quot;:6,&quot;orderby&quot;:&quot;date&quot;,&quot;order&quot;:&quot;ASC&quot;,&quot;show_title&quot;:&quot;1&quot;,&quot;show_thumbnail&quot;:&quot;1&quot;,&quot;show_author&quot;:&quot;1&quot;,&quot;show_categories&quot;:&quot;0&quot;,&quot;show_tags&quot;:&quot;1&quot;,&quot;show_date&quot;:&quot;1&quot;,&quot;show_comment&quot;:&quot;0&quot;,&quot;show_excerpt&quot;:&quot;1&quot;,&quot;show_readmore&quot;:&quot;0&quot;,&quot;excerpt_words&quot;:14,&quot;is_slider&quot;:0,&quot;show_nav&quot;:null,&quot;auto_play&quot;:null,&quot;is_masonry&quot;:1,&quot;show_load_more&quot;:0}\" >\n\t\t\t\n\t\t\t\t\t\t\t\t\n\t\t\t\t<div class=\"content-wrapper\">\n\t\t\t\t\t<div class=\"blogs items\">\n\t\t\t\t\t\t\t\t\t\t<article class=\"item    ts-col-8\">\n\t\t\t\t\t<div class=\"thumbnail-content\">\n\t\t\t\t\t\t\t\t\t\t\t\t\t\t<a class=\"thumbnail  \" href=\"https:\/\/especiasenlleida.com\/?p=1990\">\n\t\t\t\t\t\t\t\t\t<figure>\n\t\t\t\t\t\t\t\t\t\t\t\t\t\t\t\t\t\t<\/figure>\n\t\t\t\t\t\t\t\t<\/a>\n\t\t\t\t\t\t\t\t\t\t\t\t\t\n\t\t\t\t\t\t\t\t\t\t\t\t\n\t\t\t\t\t<\/div>\n\t\t\t\t\t\n\t\t\t\t\t\t\t\t\t\t\t\n\t\t\t\t\t<div class=\"entry-content\">\n\t\t\t\t\t\t\t\t\t\t\n\t\t\t\t\t\t\t\t\t\t\t\t\n\t\t\t\t\t\t<header>\n\t\t\t\t\t\t\t\t\t\t\t\t\t\t<h4 class=\"heading-title entry-title\">\n\t\t\t\t\t\t\t\t<a class=\"post-title\" href=\"https:\/\/especiasenlleida.com\/?p=1990\">ARROZ ROJO<\/a>\n\t\t\t\t\t\t\t<\/h4>\n\t\t\t\t\t\t\t\t\t\t\t\t\t<\/header>\n\t\t\t\t\t\t\n\t\t\t\t\t\t\t\t\t\t\t\t<div class=\"entry-meta-bottom\">\n\t\t\t\t\t\t\t\n\t\t\t\t\t\t\t\t\t\t\t\t\t\t<!-- Blog Author -->\n\t\t\t\t\t\t\t<span class=\"vcard author\">\n\t\t\t\t\t\t\t\t<a href=\"https:\/\/especiasenlleida.com\/?author=1\" title=\"Entradas de Admin\" rel=\"author\">Admin<\/a>\t\t\t\t\t\t\t<\/span>\n\t\t\t\t\t\t\t\t\t\t\t\t\t\t\n\t\t\t\t\t\t\t\t\t\t\t\t\t\t<!-- Blog Date Time -->\n\t\t\t\t\t\t\t<span class=\"date-time\">\n\t\t\t\t\t\t\t\tjunio 27, 2022\t\t\t\t\t\t\t<\/span>\n\t\t\t\t\t\t\t\t\t\t\t\t\t\t\n\t\t\t\t\t\t\t\t\t\t\t\t\t\t\n\t\t\t\t\t\t<\/div>\n\t\t\t\t\t\t\t\t\t\t\t\t\n\t\t\t\t\t\t\t\t\t\t\t\t<div class=\"excerpt\">El arroz rojo es t\u00edpico de las monta\u00f1as del Himalaya, sur del T\u00edbet, Brut\u00e1n<\/div>\n\t\t\t\t\t\t\t\t\t\t\t\t\n\t\t\t\t\t\t\t\t\t\t\t<\/div>\n\t\t\t\t\t\t\n\t\t\t\t\t\t\t\t\t<\/article>\n\t\t\t\t\t\t\t<article class=\"item    ts-col-8\">\n\t\t\t\t\t<div class=\"thumbnail-content\">\n\t\t\t\t\t\t\t\t\t\t\t\t\t\t<a class=\"thumbnail  \" href=\"https:\/\/especiasenlleida.com\/?p=2001\">\n\t\t\t\t\t\t\t\t\t<figure>\n\t\t\t\t\t\t\t\t\t\t\t\t\t\t\t\t\t\t<\/figure>\n\t\t\t\t\t\t\t\t<\/a>\n\t\t\t\t\t\t\t\t\t\t\t\t\t\n\t\t\t\t\t\t\t\t\t\t\t\t\n\t\t\t\t\t<\/div>\n\t\t\t\t\t\n\t\t\t\t\t\t\t\t\t\t\t\n\t\t\t\t\t<div class=\"entry-content\">\n\t\t\t\t\t\t\t\t\t\t\n\t\t\t\t\t\t\t\t\t\t\t\t\n\t\t\t\t\t\t<header>\n\t\t\t\t\t\t\t\t\t\t\t\t\t\t<h4 class=\"heading-title entry-title\">\n\t\t\t\t\t\t\t\t<a class=\"post-title\" href=\"https:\/\/especiasenlleida.com\/?p=2001\">ALUBIA CARILLA<\/a>\n\t\t\t\t\t\t\t<\/h4>\n\t\t\t\t\t\t\t\t\t\t\t\t\t<\/header>\n\t\t\t\t\t\t\n\t\t\t\t\t\t\t\t\t\t\t\t<div class=\"entry-meta-bottom\">\n\t\t\t\t\t\t\t\n\t\t\t\t\t\t\t\t\t\t\t\t\t\t<!-- Blog Author -->\n\t\t\t\t\t\t\t<span class=\"vcard author\">\n\t\t\t\t\t\t\t\t<a href=\"https:\/\/especiasenlleida.com\/?author=1\" title=\"Entradas de Admin\" rel=\"author\">Admin<\/a>\t\t\t\t\t\t\t<\/span>\n\t\t\t\t\t\t\t\t\t\t\t\t\t\t\n\t\t\t\t\t\t\t\t\t\t\t\t\t\t<!-- Blog Date Time -->\n\t\t\t\t\t\t\t<span class=\"date-time\">\n\t\t\t\t\t\t\t\tjunio 27, 2022\t\t\t\t\t\t\t<\/span>\n\t\t\t\t\t\t\t\t\t\t\t\t\t\t\n\t\t\t\t\t\t\t\t\t\t\t\t\t\t\n\t\t\t\t\t\t<\/div>\n\t\t\t\t\t\t\t\t\t\t\t\t\n\t\t\t\t\t\t\t\t\t\t\t\t<div class=\"excerpt\">\u00a1Hola! Hoy quiero hablarte sobre la alubia Carilla, una legumbre muy vers\u00e1til y con<\/div>\n\t\t\t\t\t\t\t\t\t\t\t\t\n\t\t\t\t\t\t\t\t\t\t\t<\/div>\n\t\t\t\t\t\t\n\t\t\t\t\t\t\t\t\t<\/article>\n\t\t\t\t\t\t\t<article class=\"item    ts-col-8\">\n\t\t\t\t\t<div class=\"thumbnail-content\">\n\t\t\t\t\t\t\t\t\t\t\t\t\t\t<a class=\"thumbnail  \" href=\"https:\/\/especiasenlleida.com\/?p=5399\">\n\t\t\t\t\t\t\t\t\t<figure>\n\t\t\t\t\t\t\t\t\t\t\t\t\t\t\t\t\t\t<\/figure>\n\t\t\t\t\t\t\t\t<\/a>\n\t\t\t\t\t\t\t\t\t\t\t\t\t\n\t\t\t\t\t\t\t\t\t\t\t\t\n\t\t\t\t\t<\/div>\n\t\t\t\t\t\n\t\t\t\t\t\t\t\t\t\t\t\n\t\t\t\t\t<div class=\"entry-content\">\n\t\t\t\t\t\t\t\t\t\t\n\t\t\t\t\t\t\t\t\t\t\t\t\n\t\t\t\t\t\t<header>\n\t\t\t\t\t\t\t\t\t\t\t\t\t\t<h4 class=\"heading-title entry-title\">\n\t\t\t\t\t\t\t\t<a class=\"post-title\" href=\"https:\/\/especiasenlleida.com\/?p=5399\">Una receta sencilla y deliciosa con Chorizo Catalina.<\/a>\n\t\t\t\t\t\t\t<\/h4>\n\t\t\t\t\t\t\t\t\t\t\t\t\t<\/header>\n\t\t\t\t\t\t\n\t\t\t\t\t\t\t\t\t\t\t\t<div class=\"entry-meta-bottom\">\n\t\t\t\t\t\t\t\n\t\t\t\t\t\t\t\t\t\t\t\t\t\t<!-- Blog Author -->\n\t\t\t\t\t\t\t<span class=\"vcard author\">\n\t\t\t\t\t\t\t\t<a href=\"https:\/\/especiasenlleida.com\/?author=1\" title=\"Entradas de Admin\" rel=\"author\">Admin<\/a>\t\t\t\t\t\t\t<\/span>\n\t\t\t\t\t\t\t\t\t\t\t\t\t\t\n\t\t\t\t\t\t\t\t\t\t\t\t\t\t<!-- Blog Date Time -->\n\t\t\t\t\t\t\t<span class=\"date-time\">\n\t\t\t\t\t\t\t\tmayo 31, 2023\t\t\t\t\t\t\t<\/span>\n\t\t\t\t\t\t\t\t\t\t\t\t\t\t\n\t\t\t\t\t\t\t\t\t\t\t\t\t\t\n\t\t\t\t\t\t<\/div>\n\t\t\t\t\t\t\t\t\t\t\t\t\n\t\t\t\t\t\t\t\t\t\t\t\t<div class=\"excerpt\">Tortilla de Chorizo Catalina: Ingredientes: Instrucciones: \u00a1Esta tortilla de Chorizo Catalina es una manera<\/div>\n\t\t\t\t\t\t\t\t\t\t\t\t\n\t\t\t\t\t\t\t\t\t\t\t<\/div>\n\t\t\t\t\t\t\n\t\t\t\t\t\t\t\t\t<\/article>\n\t\t\t\t\t\t\t<article class=\"item    ts-col-8\">\n\t\t\t\t\t<div class=\"thumbnail-content\">\n\t\t\t\t\t\t\t\t\t\t\t\t\t\t<a class=\"thumbnail  \" href=\"https:\/\/especiasenlleida.com\/?p=6729\">\n\t\t\t\t\t\t\t\t\t<figure>\n\t\t\t\t\t\t\t\t\t\t\t\t\t\t\t\t\t\t<\/figure>\n\t\t\t\t\t\t\t\t<\/a>\n\t\t\t\t\t\t\t\t\t\t\t\t\t\n\t\t\t\t\t\t\t\t\t\t\t\t\n\t\t\t\t\t<\/div>\n\t\t\t\t\t\n\t\t\t\t\t\t\t\t\t\t\t\n\t\t\t\t\t<div class=\"entry-content\">\n\t\t\t\t\t\t\t\t\t\t\n\t\t\t\t\t\t\t\t\t\t\t\t\n\t\t\t\t\t\t<header>\n\t\t\t\t\t\t\t\t\t\t\t\t\t\t<h4 class=\"heading-title entry-title\">\n\t\t\t\t\t\t\t\t<a class=\"post-title\" href=\"https:\/\/especiasenlleida.com\/?p=6729\">Tres platos para dos personas.<\/a>\n\t\t\t\t\t\t\t<\/h4>\n\t\t\t\t\t\t\t\t\t\t\t\t\t<\/header>\n\t\t\t\t\t\t\n\t\t\t\t\t\t\t\t\t\t\t\t<div class=\"entry-meta-bottom\">\n\t\t\t\t\t\t\t\n\t\t\t\t\t\t\t\t\t\t\t\t\t\t<!-- Blog Author -->\n\t\t\t\t\t\t\t<span class=\"vcard author\">\n\t\t\t\t\t\t\t\t<a href=\"https:\/\/especiasenlleida.com\/?author=1\" title=\"Entradas de Admin\" rel=\"author\">Admin<\/a>\t\t\t\t\t\t\t<\/span>\n\t\t\t\t\t\t\t\t\t\t\t\t\t\t\n\t\t\t\t\t\t\t\t\t\t\t\t\t\t<!-- Blog Date Time -->\n\t\t\t\t\t\t\t<span class=\"date-time\">\n\t\t\t\t\t\t\t\tagosto 3, 2023\t\t\t\t\t\t\t<\/span>\n\t\t\t\t\t\t\t\t\t\t\t\t\t\t\n\t\t\t\t\t\t\t\t\t\t\t\t\t\t\n\t\t\t\t\t\t<\/div>\n\t\t\t\t\t\t\t\t\t\t\t\t\n\t\t\t\t\t\t\t\t\t\t\t\t<div class=\"excerpt\">Aqu\u00ed tienes una propuesta: :Asado de carne : Lomo de cerdo :Calamares o pescado<\/div>\n\t\t\t\t\t\t\t\t\t\t\t\t\n\t\t\t\t\t\t\t\t\t\t\t<\/div>\n\t\t\t\t\t\t\n\t\t\t\t\t\t\t\t\t<\/article>\n\t\t\t\t\t\t\t<article class=\"item    ts-col-8\">\n\t\t\t\t\t<div class=\"thumbnail-content\">\n\t\t\t\t\t\t\t\t\t\t\t\t\t\t<a class=\"thumbnail  \" href=\"https:\/\/especiasenlleida.com\/?p=6757\">\n\t\t\t\t\t\t\t\t\t<figure>\n\t\t\t\t\t\t\t\t\t\t\t\t\t\t\t\t\t\t<\/figure>\n\t\t\t\t\t\t\t\t<\/a>\n\t\t\t\t\t\t\t\t\t\t\t\t\t\n\t\t\t\t\t\t\t\t\t\t\t\t\n\t\t\t\t\t<\/div>\n\t\t\t\t\t\n\t\t\t\t\t\t\t\t\t\t\t\n\t\t\t\t\t<div class=\"entry-content\">\n\t\t\t\t\t\t\t\t\t\t\n\t\t\t\t\t\t\t\t\t\t\t\t\n\t\t\t\t\t\t<header>\n\t\t\t\t\t\t\t\t\t\t\t\t\t\t<h4 class=\"heading-title entry-title\">\n\t\t\t\t\t\t\t\t<a class=\"post-title\" href=\"https:\/\/especiasenlleida.com\/?p=6757\">Receta de Arroz Rosa Saludable con Vegetales para 4 Personas<\/a>\n\t\t\t\t\t\t\t<\/h4>\n\t\t\t\t\t\t\t\t\t\t\t\t\t<\/header>\n\t\t\t\t\t\t\n\t\t\t\t\t\t\t\t\t\t\t\t<div class=\"entry-meta-bottom\">\n\t\t\t\t\t\t\t\n\t\t\t\t\t\t\t\t\t\t\t\t\t\t<!-- Blog Author -->\n\t\t\t\t\t\t\t<span class=\"vcard author\">\n\t\t\t\t\t\t\t\t<a href=\"https:\/\/especiasenlleida.com\/?author=1\" title=\"Entradas de Admin\" rel=\"author\">Admin<\/a>\t\t\t\t\t\t\t<\/span>\n\t\t\t\t\t\t\t\t\t\t\t\t\t\t\n\t\t\t\t\t\t\t\t\t\t\t\t\t\t<!-- Blog Date Time -->\n\t\t\t\t\t\t\t<span class=\"date-time\">\n\t\t\t\t\t\t\t\tmayo 24, 2024\t\t\t\t\t\t\t<\/span>\n\t\t\t\t\t\t\t\t\t\t\t\t\t\t\n\t\t\t\t\t\t\t\t\t\t\t\t\t\t\n\t\t\t\t\t\t<\/div>\n\t\t\t\t\t\t\t\t\t\t\t\t\n\t\t\t\t\t\t\t\t\t\t\t\t<div class=\"excerpt\">Arroz Rosa con Vegetales al Vapor Ingredientes: Instrucciones: Esta receta es r\u00e1pida de preparar,<\/div>\n\t\t\t\t\t\t\t\t\t\t\t\t\n\t\t\t\t\t\t\t\t\t\t\t<\/div>\n\t\t\t\t\t\t\n\t\t\t\t\t\t\t\t\t<\/article>\n\t\t\t\t\t\t\t\t<\/div>\n\t\t\t\t\t\t\t\t\t<\/div>\n\t\t\t<\/div>\n\t\t\t\t\t\t<\/div>\n\t\t\t\t<\/div>\n\t\t\t\t\t<\/div>\n\t\t<\/div>\n\t\t\t\t\t<\/div>\n\t\t<\/section>\n\t\t\t\t<\/div>\n\t\t","protected":false},"excerpt":{"rendered":"<p>PAN Y BOLLERIA admin junio 27, 2022 Ya tenemos&nbsp; a la venta un gran surtido de pan y bolleria.Pan elaborado con ARROZ ROJO admin junio 27, 2022 El arroz rojo es t\u00edpico de las monta\u00f1as del Himalaya,sur del T\u00edbet,Brut\u00e1n y sur ALUBIA CARILLA admin junio 27, 2022 La alubia Carilla, adopta muy distintos y variados [&hellip;]<\/p>\n","protected":false},"author":1,"featured_media":0,"parent":0,"menu_order":0,"comment_status":"closed","ping_status":"closed","template":"","meta":{"_monsterinsights_skip_tracking":false,"_monsterinsights_sitenote_active":false,"_monsterinsights_sitenote_note":"","_monsterinsights_sitenote_category":0,"jetpack_post_was_ever_published":false,"footnotes":""},"class_list":["post-1975","page","type-page","status-publish","hentry"],"yoast_head":"<!-- This site is optimized with the Yoast SEO plugin v27.5 - https:\/\/yoast.com\/product\/yoast-seo-wordpress\/ -->\n<title>Blog - Ren\u00e9 Flor<\/title>\n<meta name=\"robots\" content=\"index, follow, max-snippet:-1, max-image-preview:large, max-video-preview:-1\" \/>\n<link rel=\"canonical\" href=\"https:\/\/especiasenlleida.com\/?page_id=1975\" \/>\n<meta property=\"og:locale\" content=\"es_ES\" \/>\n<meta property=\"og:type\" content=\"article\" \/>\n<meta property=\"og:title\" content=\"Blog - Ren\u00e9 Flor\" \/>\n<meta property=\"og:description\" content=\"PAN Y BOLLERIA admin junio 27, 2022 Ya tenemos&nbsp; a la venta un gran surtido de pan y bolleria.Pan elaborado con ARROZ ROJO admin junio 27, 2022 El arroz rojo es t\u00edpico de las monta\u00f1as del Himalaya,sur del T\u00edbet,Brut\u00e1n y sur ALUBIA CARILLA admin junio 27, 2022 La alubia Carilla, adopta muy distintos y variados [&hellip;]\" \/>\n<meta property=\"og:url\" content=\"https:\/\/especiasenlleida.com\/?page_id=1975\" \/>\n<meta property=\"og:site_name\" content=\"Ren\u00e9 Flor\" \/>\n<meta property=\"article:publisher\" content=\"https:\/\/www.facebook.com\/reneflorlleida\" \/>\n<meta property=\"article:modified_time\" content=\"2022-06-27T09:16:10+00:00\" \/>\n<meta name=\"twitter:card\" content=\"summary_large_image\" \/>\n<script type=\"application\/ld+json\" class=\"yoast-schema-graph\">{\"@context\":\"https:\\\/\\\/schema.org\",\"@graph\":[{\"@type\":\"WebPage\",\"@id\":\"https:\\\/\\\/especiasenlleida.com\\\/?page_id=1975\",\"url\":\"https:\\\/\\\/especiasenlleida.com\\\/?page_id=1975\",\"name\":\"Blog - Ren\u00e9 Flor\",\"isPartOf\":{\"@id\":\"https:\\\/\\\/especiasenlleida.com\\\/#website\"},\"datePublished\":\"2022-06-27T08:24:42+00:00\",\"dateModified\":\"2022-06-27T09:16:10+00:00\",\"breadcrumb\":{\"@id\":\"https:\\\/\\\/especiasenlleida.com\\\/?page_id=1975#breadcrumb\"},\"inLanguage\":\"es\",\"potentialAction\":[{\"@type\":\"ReadAction\",\"target\":[\"https:\\\/\\\/especiasenlleida.com\\\/?page_id=1975\"]}]},{\"@type\":\"BreadcrumbList\",\"@id\":\"https:\\\/\\\/especiasenlleida.com\\\/?page_id=1975#breadcrumb\",\"itemListElement\":[{\"@type\":\"ListItem\",\"position\":1,\"name\":\"Portada\",\"item\":\"https:\\\/\\\/especiasenlleida.com\\\/\"},{\"@type\":\"ListItem\",\"position\":2,\"name\":\"Blog\"}]},{\"@type\":\"WebSite\",\"@id\":\"https:\\\/\\\/especiasenlleida.com\\\/#website\",\"url\":\"https:\\\/\\\/especiasenlleida.com\\\/\",\"name\":\"Especias en Lleida\",\"description\":\"Especies a Lleida desde 1915\",\"publisher\":{\"@id\":\"https:\\\/\\\/especiasenlleida.com\\\/#organization\"},\"potentialAction\":[{\"@type\":\"SearchAction\",\"target\":{\"@type\":\"EntryPoint\",\"urlTemplate\":\"https:\\\/\\\/especiasenlleida.com\\\/?s={search_term_string}\"},\"query-input\":{\"@type\":\"PropertyValueSpecification\",\"valueRequired\":true,\"valueName\":\"search_term_string\"}}],\"inLanguage\":\"es\"},{\"@type\":\"Organization\",\"@id\":\"https:\\\/\\\/especiasenlleida.com\\\/#organization\",\"name\":\"Especias en Lleida\",\"url\":\"https:\\\/\\\/especiasenlleida.com\\\/\",\"logo\":{\"@type\":\"ImageObject\",\"inLanguage\":\"es\",\"@id\":\"https:\\\/\\\/especiasenlleida.com\\\/#\\\/schema\\\/logo\\\/image\\\/\",\"url\":\"https:\\\/\\\/i0.wp.com\\\/especiasenlleida.com\\\/wp-content\\\/uploads\\\/2022\\\/06\\\/cropped-log0-1-11-1-e1654851980428.png?fit=512%2C512&ssl=1\",\"contentUrl\":\"https:\\\/\\\/i0.wp.com\\\/especiasenlleida.com\\\/wp-content\\\/uploads\\\/2022\\\/06\\\/cropped-log0-1-11-1-e1654851980428.png?fit=512%2C512&ssl=1\",\"width\":512,\"height\":512,\"caption\":\"Especias en Lleida\"},\"image\":{\"@id\":\"https:\\\/\\\/especiasenlleida.com\\\/#\\\/schema\\\/logo\\\/image\\\/\"},\"sameAs\":[\"https:\\\/\\\/www.facebook.com\\\/reneflorlleida\"]}]}<\/script>\n<!-- \/ Yoast SEO plugin. -->","yoast_head_json":{"title":"Blog - Ren\u00e9 Flor","robots":{"index":"index","follow":"follow","max-snippet":"max-snippet:-1","max-image-preview":"max-image-preview:large","max-video-preview":"max-video-preview:-1"},"canonical":"https:\/\/especiasenlleida.com\/?page_id=1975","og_locale":"es_ES","og_type":"article","og_title":"Blog - Ren\u00e9 Flor","og_description":"PAN Y BOLLERIA admin junio 27, 2022 Ya tenemos&nbsp; a la venta un gran surtido de pan y bolleria.Pan elaborado con ARROZ ROJO admin junio 27, 2022 El arroz rojo es t\u00edpico de las monta\u00f1as del Himalaya,sur del T\u00edbet,Brut\u00e1n y sur ALUBIA CARILLA admin junio 27, 2022 La alubia Carilla, adopta muy distintos y variados [&hellip;]","og_url":"https:\/\/especiasenlleida.com\/?page_id=1975","og_site_name":"Ren\u00e9 Flor","article_publisher":"https:\/\/www.facebook.com\/reneflorlleida","article_modified_time":"2022-06-27T09:16:10+00:00","twitter_card":"summary_large_image","schema":{"@context":"https:\/\/schema.org","@graph":[{"@type":"WebPage","@id":"https:\/\/especiasenlleida.com\/?page_id=1975","url":"https:\/\/especiasenlleida.com\/?page_id=1975","name":"Blog - Ren\u00e9 Flor","isPartOf":{"@id":"https:\/\/especiasenlleida.com\/#website"},"datePublished":"2022-06-27T08:24:42+00:00","dateModified":"2022-06-27T09:16:10+00:00","breadcrumb":{"@id":"https:\/\/especiasenlleida.com\/?page_id=1975#breadcrumb"},"inLanguage":"es","potentialAction":[{"@type":"ReadAction","target":["https:\/\/especiasenlleida.com\/?page_id=1975"]}]},{"@type":"BreadcrumbList","@id":"https:\/\/especiasenlleida.com\/?page_id=1975#breadcrumb","itemListElement":[{"@type":"ListItem","position":1,"name":"Portada","item":"https:\/\/especiasenlleida.com\/"},{"@type":"ListItem","position":2,"name":"Blog"}]},{"@type":"WebSite","@id":"https:\/\/especiasenlleida.com\/#website","url":"https:\/\/especiasenlleida.com\/","name":"Especias en Lleida","description":"Especies a Lleida desde 1915","publisher":{"@id":"https:\/\/especiasenlleida.com\/#organization"},"potentialAction":[{"@type":"SearchAction","target":{"@type":"EntryPoint","urlTemplate":"https:\/\/especiasenlleida.com\/?s={search_term_string}"},"query-input":{"@type":"PropertyValueSpecification","valueRequired":true,"valueName":"search_term_string"}}],"inLanguage":"es"},{"@type":"Organization","@id":"https:\/\/especiasenlleida.com\/#organization","name":"Especias en Lleida","url":"https:\/\/especiasenlleida.com\/","logo":{"@type":"ImageObject","inLanguage":"es","@id":"https:\/\/especiasenlleida.com\/#\/schema\/logo\/image\/","url":"https:\/\/i0.wp.com\/especiasenlleida.com\/wp-content\/uploads\/2022\/06\/cropped-log0-1-11-1-e1654851980428.png?fit=512%2C512&ssl=1","contentUrl":"https:\/\/i0.wp.com\/especiasenlleida.com\/wp-content\/uploads\/2022\/06\/cropped-log0-1-11-1-e1654851980428.png?fit=512%2C512&ssl=1","width":512,"height":512,"caption":"Especias en Lleida"},"image":{"@id":"https:\/\/especiasenlleida.com\/#\/schema\/logo\/image\/"},"sameAs":["https:\/\/www.facebook.com\/reneflorlleida"]}]}},"jetpack_sharing_enabled":true,"_links":{"self":[{"href":"https:\/\/especiasenlleida.com\/index.php?rest_route=\/wp\/v2\/pages\/1975","targetHints":{"allow":["GET"]}}],"collection":[{"href":"https:\/\/especiasenlleida.com\/index.php?rest_route=\/wp\/v2\/pages"}],"about":[{"href":"https:\/\/especiasenlleida.com\/index.php?rest_route=\/wp\/v2\/types\/page"}],"author":[{"embeddable":true,"href":"https:\/\/especiasenlleida.com\/index.php?rest_route=\/wp\/v2\/users\/1"}],"replies":[{"embeddable":true,"href":"https:\/\/especiasenlleida.com\/index.php?rest_route=%2Fwp%2Fv2%2Fcomments&post=1975"}],"version-history":[{"count":22,"href":"https:\/\/especiasenlleida.com\/index.php?rest_route=\/wp\/v2\/pages\/1975\/revisions"}],"predecessor-version":[{"id":2056,"href":"https:\/\/especiasenlleida.com\/index.php?rest_route=\/wp\/v2\/pages\/1975\/revisions\/2056"}],"wp:attachment":[{"href":"https:\/\/especiasenlleida.com\/index.php?rest_route=%2Fwp%2Fv2%2Fmedia&parent=1975"}],"curies":[{"name":"wp","href":"https:\/\/api.w.org\/{rel}","templated":true}]}}